{"id":1322,"date":"2025-12-20T11:34:16","date_gmt":"2025-12-20T11:34:16","guid":{"rendered":"https:\/\/aylara.com.pe\/home\/"},"modified":"2025-12-30T11:21:49","modified_gmt":"2025-12-30T11:21:49","slug":"home","status":"publish","type":"page","link":"https:\/\/aylara.com.pe\/en\/","title":{"rendered":"Home"},"content":{"rendered":"<div style=\"border-top-left-radius:0px;border-top-right-radius:0px;border-bottom-left-radius:0px;border-bottom-right-radius:0px;border-style:none;border-width:0px; padding-top:var(--wp--preset--spacing--20);padding-bottom:var(--wp--preset--spacing--20);margin-top:0px;margin-bottom:0px;\" class=\"has-text-align-right wp-block-post-date\"><time datetime=\"2025-12-30T11:12:44.705Z\">30 de December de 2025<\/time><\/div>\n\n\n<div class=\"wp-block-uagb-container uagb-block-494c42c4 alignfull uagb-is-root-container\"><div class=\"uagb-container-inner-blocks-wrap\">\n<div class=\"wp-block-uagb-info-box uagb-block-cd2517a4 uagb-infobox__content-wrap  uagb-infobox-icon-above-title uagb-infobox-image-valign-top wp-block-uagb-info-box--has-margin\"><div class=\"uagb-infobox-margin-wrapper\"><div class=\"uagb-ifb-content\"><div class=\"uagb-ifb-title-wrap\"><h1 class=\"uagb-ifb-title-prefix\">we all love<\/h1><h1 class=\"uagb-ifb-title\">nature<\/h1><\/div><p class=\"uagb-ifb-desc\">Look deep into nature, and you will understand everything better.<\/p><div class=\"uagb-ifb-button-wrapper wp-block-button\"><a href=\"#\" class=\"uagb-infobox-cta-link wp-block-button__link\" target=\"_self\" rel=\"noopener noreferrer\" onclick=\"return false;\"><span class=\"uagb-inline-editing\">Get Started<\/span><\/a><\/div><\/div><\/div><\/div>\n<\/div><\/div>\n\n\n\n<div class=\"wp-block-uagb-container uagb-block-5fcee4f8 alignfull uagb-is-root-container\"><div class=\"uagb-container-inner-blocks-wrap\">\n<div class=\"wp-block-uagb-advanced-heading uagb-block-2b5f3149\"><h2 class=\"uagb-heading-text\">Nuestros servicios<\/h2><div class=\"uagb-separator\"><\/div><\/div>\n\n\n\n<div class=\"wp-block-uagb-container uagb-block-4a8e1942\">\n<div class=\"wp-block-uagb-container uagb-block-c988f562\">\n<div class=\"wp-block-uagb-image alignleft uagb-block-a35d235b wp-block-uagb-image--layout-default wp-block-uagb-image--effect-static wp-block-uagb-image--align-left\"><figure class=\"wp-block-uagb-image__figure\"><img decoding=\"async\" srcset=\"https:\/\/aylara.com.pe\/wp-content\/uploads\/2021\/11\/service-1.jpg ,https:\/\/aylara.com.pe\/wp-content\/uploads\/2021\/11\/service-1.jpg 780w, https:\/\/aylara.com.pe\/wp-content\/uploads\/2021\/11\/service-1.jpg 360w\" sizes=\"auto, (max-width: 480px) 150px\" src=\"https:\/\/aylara.com.pe\/wp-content\/uploads\/2021\/11\/service-1.jpg\" alt=\"Service 1\" class=\"uag-image-109\" width=\"373\" height=\"464\" title=\"service-1\" loading=\"lazy\" role=\"img\"><\/figure><\/div>\n\n\n\n<div class=\"wp-block-uagb-advanced-heading uagb-block-b07219d5\"><h3 class=\"uagb-heading-text\">Screening y Scoping de proyectos<\/h3><p class=\"uagb-desc-text\">Definimos el instrumento de gesti\u00f3n ambiental adecuado, los permisos cr\u00edticos y la ruta de cumplimiento de manera eficiente y oportuna. <\/p><\/div>\n<\/div>\n\n\n\n<div class=\"wp-block-uagb-container uagb-block-0ad6ff4e\">\n<div class=\"wp-block-uagb-image alignleft uagb-block-930d8e85 wp-block-uagb-image--layout-default wp-block-uagb-image--effect-static wp-block-uagb-image--align-left\"><figure class=\"wp-block-uagb-image__figure\"><img decoding=\"async\" srcset=\"https:\/\/aylara.com.pe\/wp-content\/uploads\/2021\/11\/service-2.jpg ,https:\/\/aylara.com.pe\/wp-content\/uploads\/2021\/11\/service-2.jpg 780w, https:\/\/aylara.com.pe\/wp-content\/uploads\/2021\/11\/service-2.jpg 360w\" sizes=\"auto, (max-width: 480px) 150px\" src=\"https:\/\/aylara.com.pe\/wp-content\/uploads\/2021\/11\/service-2.jpg\" alt=\"Service 2\" class=\"uag-image-110\" width=\"373\" height=\"464\" title=\"service-2\" loading=\"lazy\" role=\"img\"><\/figure><\/div>\n\n\n\n<div class=\"wp-block-uagb-advanced-heading uagb-block-3974de5a\"><h3 class=\"uagb-heading-text\">Permisos y t\u00edtulos habilitantes<\/h3><p class=\"uagb-desc-text\">Optimizamos la obtenci\u00f3n y mantenimiento de t\u00edtulos habilitantes mediante gesti\u00f3n por ruta cr\u00edtica, control de vigencias y obligaciones. <\/p><\/div>\n<\/div>\n\n\n\n<div class=\"wp-block-uagb-container uagb-block-48a31e6a\">\n<div class=\"wp-block-uagb-image alignleft uagb-block-2675d6b0 wp-block-uagb-image--layout-default wp-block-uagb-image--effect-static wp-block-uagb-image--align-left\"><figure class=\"wp-block-uagb-image__figure\"><img decoding=\"async\" srcset=\"https:\/\/aylara.com.pe\/wp-content\/uploads\/2021\/11\/service-3.jpg ,https:\/\/aylara.com.pe\/wp-content\/uploads\/2021\/11\/service-3.jpg 780w, https:\/\/aylara.com.pe\/wp-content\/uploads\/2021\/11\/service-3.jpg 360w\" sizes=\"auto, (max-width: 480px) 150px\" src=\"https:\/\/aylara.com.pe\/wp-content\/uploads\/2021\/11\/service-3.jpg\" alt=\"Service 3\" class=\"uag-image-108\" width=\"373\" height=\"464\" title=\"service-3\" loading=\"lazy\" role=\"img\"><\/figure><\/div>\n\n\n\n<div class=\"wp-block-uagb-advanced-heading uagb-block-8f982c10\"><h3 class=\"uagb-heading-text\">Estudios ambientales, biol\u00f3gicos y socioculturales<\/h3><p class=\"uagb-desc-text\">Desarrollamos estudios con metodolog\u00edas modernas, enfocadas en reducir reprocesos y fortalecer la viabilidad del proyecto.<\/p><\/div>\n<\/div>\n<\/div>\n<\/div><\/div>\n\n\n\n<div class=\"wp-block-uagb-slider uagb-block-8e2b1434 uagb-slider-container\"><div class=\"uagb-slides uagb-swiper\"><div class=\"swiper-wrapper\">\n<div class=\"wp-block-uagb-slider-child uagb-slider-child-wrap swiper-slide uagb-block-4c682a6d\"><div class=\"swiper-content\">\n<div class=\"wp-block-uagb-advanced-heading uagb-block-6f2aff3b\"><h2 class=\"uagb-heading-text\">Sectores de acci\u00f3n<\/h2><div class=\"uagb-separator\"><\/div><\/div>\n\n\n\n<div class=\"wp-block-uagb-container uagb-block-55ac5696 alignfull uagb-is-root-container\"><div class=\"uagb-container-inner-blocks-wrap\">\n<div class=\"wp-block-uagb-info-box uagb-block-ef82d510 uagb-infobox__content-wrap  uagb-infobox-icon-above-title uagb-infobox-image-valign-top\"><div class=\"uagb-ifb-content\"><div class=\"uagb-ifb-title-wrap\"><h3 class=\"uagb-ifb-title\">Slide 1<\/h3><\/div><p class=\"uagb-ifb-desc\">Click here to change this text. Lorem ipsum dolor sit amet, consectetur adipiscing elit. Ut elit tellus, luctus nec ullamcorper mattis, pulvinar dapibus leo.<\/p><div class=\"uagb-ifb-button-wrapper wp-block-button\"><a href=\"#\" class=\"uagb-infobox-cta-link wp-block-button__link\" target=\"_self\" rel=\"noopener noreferrer\" onclick=\"return false;\"><span class=\"uagb-inline-editing\">Read More<\/span><\/a><\/div><\/div><\/div>\n<\/div><\/div>\n<\/div><\/div>\n\n\n\n<div class=\"wp-block-uagb-slider-child uagb-slider-child-wrap swiper-slide uagb-block-7f2f0579\"><div class=\"swiper-content\">\n<div class=\"wp-block-uagb-container uagb-block-3f4f5a04 alignfull uagb-is-root-container\"><div class=\"uagb-container-inner-blocks-wrap\">\n<div class=\"wp-block-uagb-info-box uagb-block-b59f9d19 uagb-infobox__content-wrap  uagb-infobox-icon-above-title uagb-infobox-image-valign-top\"><div class=\"uagb-ifb-content\"><div class=\"uagb-ifb-title-wrap\"><h3 class=\"uagb-ifb-title\">Slide 2<\/h3><\/div><p class=\"uagb-ifb-desc\">Click here to change this text. Lorem ipsum dolor sit amet, consectetur adipiscing elit. Ut elit tellus, luctus nec ullamcorper mattis, pulvinar dapibus leo.<\/p><div class=\"uagb-ifb-button-wrapper wp-block-button\"><a href=\"#\" class=\"uagb-infobox-cta-link wp-block-button__link\" target=\"_self\" rel=\"noopener noreferrer\" onclick=\"return false;\"><span class=\"uagb-inline-editing\">Read More<\/span><\/a><\/div><\/div><\/div>\n<\/div><\/div>\n<\/div><\/div>\n\n\n\n<div class=\"wp-block-uagb-slider-child uagb-slider-child-wrap swiper-slide uagb-block-4fd2c3f6\"><div class=\"swiper-content\">\n<div class=\"wp-block-uagb-container uagb-block-77d5db0f alignfull uagb-is-root-container\"><div class=\"uagb-container-inner-blocks-wrap\">\n<div class=\"wp-block-uagb-info-box uagb-block-fac9a464 uagb-infobox__content-wrap  uagb-infobox-icon-above-title uagb-infobox-image-valign-top\"><div class=\"uagb-ifb-content\"><div class=\"uagb-ifb-title-wrap\"><h3 class=\"uagb-ifb-title\">Slide 3<\/h3><\/div><p class=\"uagb-ifb-desc\">Click here to change this text. Lorem ipsum dolor sit amet, consectetur adipiscing elit. Ut elit tellus, luctus nec ullamcorper mattis, pulvinar dapibus leo.<\/p><div class=\"uagb-ifb-button-wrapper wp-block-button\"><a href=\"#\" class=\"uagb-infobox-cta-link wp-block-button__link\" target=\"_self\" rel=\"noopener noreferrer\" onclick=\"return false;\"><span class=\"uagb-inline-editing\">Read More<\/span><\/a><\/div><\/div><\/div>\n<\/div><\/div>\n<\/div><\/div>\n\n\n\n<div class=\"wp-block-uagb-slider-child uagb-slider-child-wrap swiper-slide uagb-block-1e32bb6f\"><div class=\"swiper-content\">\n<div class=\"wp-block-uagb-container uagb-block-dee17df8 alignfull uagb-is-root-container\"><div class=\"uagb-container-inner-blocks-wrap\">\n<div class=\"wp-block-uagb-info-box uagb-block-6cccb7e0 uagb-infobox__content-wrap  uagb-infobox-icon-left uagb-infobox-left uagb-infobox-stacked-tablet uagb-infobox-image-valign-top\"><div class=\"uagb-ifb-image-content\"><img decoding=\"async\" src=\"https:\/\/aylara.com.pe\/wp-content\/uploads\/2025\/12\/cropped-icono-150x150.png\" alt=\"cropped icono.png\" width=\"\" height=\"0\" loading=\"lazy\" title=\"Home\"><\/div><div class=\"uagb-ifb-content\"><div class=\"uagb-ifb-title-wrap\"><h3 class=\"uagb-ifb-title\">Slide 4<\/h3><\/div><p class=\"uagb-ifb-desc\">Click here to change this text. Lorem ipsum dolor sit amet, consectetur adipiscing elit. Ut elit tellus, luctus nec ullamcorper mattis, pulvinar dapibus leo.<\/p><div class=\"uagb-ifb-button-wrapper wp-block-button\"><a href=\"#\" class=\"uagb-infobox-cta-link wp-block-button__link\" target=\"_self\" rel=\"noopener noreferrer\" onclick=\"return false;\"><span class=\"uagb-inline-editing\">Read More<\/span><\/a><\/div><\/div><\/div>\n<\/div><\/div>\n<\/div><\/div>\n\n\n\n<div class=\"wp-block-uagb-slider-child uagb-slider-child-wrap swiper-slide uagb-block-55de2a35\"><div class=\"swiper-content\">\n<div class=\"wp-block-uagb-container uagb-block-d9e561e1 alignfull uagb-is-root-container\"><div class=\"uagb-container-inner-blocks-wrap\">\n<div class=\"wp-block-uagb-info-box uagb-block-cc470768 uagb-infobox__content-wrap  uagb-infobox-icon-above-title uagb-infobox-image-valign-top\"><div class=\"uagb-ifb-content\"><div class=\"uagb-ifb-title-wrap\"><h3 class=\"uagb-ifb-title\">Slide 5<\/h3><\/div><p class=\"uagb-ifb-desc\">Click here to change this text. Lorem ipsum dolor sit amet, consectetur adipiscing elit. Ut elit tellus, luctus nec ullamcorper mattis, pulvinar dapibus leo.<\/p><div class=\"uagb-ifb-button-wrapper wp-block-button\"><a href=\"#\" class=\"uagb-infobox-cta-link wp-block-button__link\" target=\"_self\" rel=\"noopener noreferrer\" onclick=\"return false;\"><span class=\"uagb-inline-editing\">Read More<\/span><\/a><\/div><\/div><\/div>\n<\/div><\/div>\n<\/div><\/div>\n<\/div><\/div><div class=\"swiper-pagination\"><\/div><div class=\"swiper-button-prev\"><\/div><div class=\"swiper-button-next\"><\/div><\/div>\n\n\n\n<div class=\"wp-block-uagb-container uagb-layout-grid uagb-block-0186287e alignfull uagb-is-root-container\"><div class=\"uagb-container-inner-blocks-wrap\">\n<div class=\"wp-block-uagb-info-box uagb-block-03550eeb uagb-infobox__content-wrap  uagb-infobox-icon-above-title uagb-infobox-image-valign-top wp-block-uagb-info-box--has-margin\"><div class=\"uagb-infobox-margin-wrapper\"><div class=\"uagb-ifb-content\"><div class=\"uagb-ifb-title-wrap\"><span class=\"uagb-ifb-title-prefix\">SOBRE NOSOTROS<\/span><h4 class=\"uagb-ifb-title\">Empresa de consultor\u00eda ambiental de capital peruano<\/h4><\/div><p class=\"uagb-ifb-desc\">Especializada en la gesti\u00f3n ambiental, social y de permisos, con un enfoque integral orientado al desarrollo sostenible y resiliente del pa\u00eds.<br><br>Brindamos soluciones a lo largo de todo el ciclo de vida de proyectos p\u00fablicos y privados, en diversos sectores productivos, integrando capacidades t\u00e9cnicas e ingenieriles con gesti\u00f3n y cumplimiento normativo.<br><br>Combinamos conocimiento y experiencia para dise\u00f1ar estrategias claras y eficientes, que consolidan los objetivos de nuestros clientes, optimizan tiempos e inversi\u00f3n y aseguran una ejecuci\u00f3n diligente y sustentada.<\/p><div class=\"uagb-ifb-button-wrapper wp-block-button\"><a href=\"#\" class=\"uagb-infobox-cta-link ast-outline-button\" target=\"_self\" rel=\"noopener noreferrer\" style=\"border-width:revert-layer\" onclick=\"return false;\"><span class=\"uagb-inline-editing\">Encuentra mayor informaci\u00f3n<\/span><\/a><\/div><\/div><\/div><\/div>\n\n\n\n<div class=\"wp-block-uagb-image alignright uagb-block-37933192 wp-block-uagb-image--layout-default wp-block-uagb-image--effect-static wp-block-uagb-image--align-right\"><figure class=\"wp-block-uagb-image__figure\"><img decoding=\"async\" srcset=\"https:\/\/aylara.com.pe\/wp-content\/uploads\/2021\/11\/leaf.jpg \" sizes=\"auto, (max-width: 480px) 150px\" src=\"https:\/\/aylara.com.pe\/wp-content\/uploads\/2021\/11\/leaf.jpg\" alt=\"Leaf\" class=\"uag-image-145\" width=\"647\" height=\"785\" title=\"Home\" loading=\"lazy\" role=\"img\"><\/figure><\/div>\n<\/div><\/div>\n\n\n\n<div class=\"wp-block-uagb-advanced-heading uagb-block-23056df1\"><h2 class=\"uagb-heading-text\">Clientes<\/h2><div class=\"uagb-separator\"><\/div><\/div>\n\n\n\n\n\n<p>\/<\/p>\n\n\n\n<div class=\"wp-block-cover is-light\"><img loading=\"lazy\" decoding=\"async\" width=\"1024\" height=\"267\" class=\"wp-block-cover__image-background wp-image-2767 size-large\" alt=\"contact hero 1.jpg\" src=\"https:\/\/aylara.com.pe\/wp-content\/uploads\/2025\/12\/contact-hero-1-1024x267.jpg\" data-object-fit=\"cover\" title=\"Home\" srcset=\"https:\/\/aylara.com.pe\/wp-content\/uploads\/2025\/12\/contact-hero-1-1024x267.jpg 1024w, https:\/\/aylara.com.pe\/wp-content\/uploads\/2025\/12\/contact-hero-1-300x78.jpg 300w, https:\/\/aylara.com.pe\/wp-content\/uploads\/2025\/12\/contact-hero-1-768x200.jpg 768w, https:\/\/aylara.com.pe\/wp-content\/uploads\/2025\/12\/contact-hero-1-1536x400.jpg 1536w, https:\/\/aylara.com.pe\/wp-content\/uploads\/2025\/12\/contact-hero-1.jpg 1920w\" sizes=\"auto, (max-width: 1024px) 100vw, 1024px\" \/><span aria-hidden=\"true\" class=\"wp-block-cover__background has-background-dim\" style=\"background-color:#b5c4ca\"><\/span><div class=\"wp-block-cover__inner-container is-layout-constrained wp-block-cover-is-layout-constrained\">\n<p class=\"has-text-align-center has-large-font-size\"><\/p>\n<\/div><\/div>\n\n\n\n<p>\/<\/p>\n\n\n\n<div class=\"wp-block-group alignfull has-background-color has-white-color has-black-background-color has-text-color has-background has-link-color wp-elements-10a69b56bba814ab7c465b6f0248f692 is-vertical is-content-justification-stretch is-layout-flex wp-container-core-group-is-layout-48a3dbfb wp-block-group-is-layout-flex\" style=\"min-height:40vh;margin-top:0;margin-bottom:0;padding-top:var(--wp--preset--spacing--60);padding-right:var(--wp--preset--spacing--40);padding-bottom:var(--wp--preset--spacing--60);padding-left:var(--wp--preset--spacing--40)\">\n<div class=\"wp-block-columns alignwide has-small-font-size is-layout-flex wp-container-core-columns-is-layout-28f84493 wp-block-columns-is-layout-flex\">\n<div class=\"wp-block-column is-layout-flow wp-block-column-is-layout-flow\">\n<p class=\"has-text-align-center\">Ubicaci\u00f3n<\/p>\n\n\n\n<p class=\"has-text-align-center\">2020 Lomita Blvd, <br>Torrance, CA 90101<br>Estados Unidos<\/p>\n\n\n\n<div style=\"height:24px\" aria-hidden=\"true\" class=\"wp-block-spacer\"><\/div>\n<\/div>\n\n\n\n<div class=\"wp-block-column is-layout-flow wp-block-column-is-layout-flow\">\n<p class=\"has-text-align-center\">P\u00e1ginas<\/p>\n\n\n<nav class=\"has-small-font-size items-justified-center is-vertical no-wrap wp-block-navigation is-content-justification-center is-nowrap is-layout-flex wp-container-core-navigation-is-layout-34a3ecb2 wp-block-navigation-is-layout-flex\" aria-label=\"Header\"><ul class=\"wp-block-navigation__container has-small-font-size items-justified-center is-vertical no-wrap wp-block-navigation has-small-font-size\"><li class=\"has-small-font-size wp-block-navigation-item  menu-item menu-item-type-post_type menu-item-object-page menu-item-home wp-block-navigation-link\"><a class=\"wp-block-navigation-item__content\"  href=\"https:\/\/aylara.com.pe\/en\/\" title=\"\"><span class=\"wp-block-navigation-item__label\">Home<\/span><\/a><\/li><li class=\"has-small-font-size wp-block-navigation-item  menu-item menu-item-type-post_type menu-item-object-page wp-block-navigation-link\"><a class=\"wp-block-navigation-item__content\"  href=\"https:\/\/aylara.com.pe\/en\/about\/\" title=\"\"><span class=\"wp-block-navigation-item__label\">About<\/span><\/a><\/li><li class=\"has-small-font-size wp-block-navigation-item  menu-item menu-item-type-post_type menu-item-object-page wp-block-navigation-link\"><a class=\"wp-block-navigation-item__content\"  href=\"https:\/\/aylara.com.pe\/en\/services\/\" title=\"\"><span class=\"wp-block-navigation-item__label\">Services<\/span><\/a><\/li><li class=\"has-small-font-size wp-block-navigation-item  menu-item menu-item-type-post_type menu-item-object-page wp-block-navigation-link\"><a class=\"wp-block-navigation-item__content\"  href=\"https:\/\/aylara.com.pe\/en\/contact\/\" title=\"\"><span class=\"wp-block-navigation-item__label\">Contact<\/span><\/a><\/li><\/ul><\/nav>\n\n\n<div style=\"height:24px\" aria-hidden=\"true\" class=\"wp-block-spacer\"><\/div>\n<\/div>\n\n\n\n<div class=\"wp-block-column is-layout-flow wp-block-column-is-layout-flow\">\n<p class=\"has-text-align-center\">S\u00edguenos<\/p>\n\n\n\n<div class=\"wp-block-group is-vertical is-content-justification-center is-layout-flex wp-container-core-group-is-layout-0e868306 wp-block-group-is-layout-flex\">\n<p><a href=\"#\">Facebook<\/a><\/p>\n\n\n\n<p><a href=\"#\">Instagram<\/a><\/p>\n\n\n\n<p><a href=\"#\">Twitter<\/a><\/p>\n<\/div>\n\n\n\n<div style=\"height:24px\" aria-hidden=\"true\" class=\"wp-block-spacer\"><\/div>\n<\/div>\n<\/div>\n\n\n\n<div class=\"wp-block-group alignwide is-content-justification-center is-layout-flex wp-container-core-group-is-layout-c124d1c4 wp-block-group-is-layout-flex\">\n<p class=\"has-text-align-center has-small-font-size\"> Orgullosamente impulsado por <a rel=\"nofollow\" href=\"https:\/\/wordpress.org\">WordPress<\/a> <\/p>\n<\/div>\n<\/div>","protected":false},"excerpt":{"rendered":"<p>Nuestros servicios Screening y Scoping de proyectos Definimos el instrumento de gesti\u00f3n ambiental adecuado, los permisos cr\u00edticos y la ruta de cumplimiento de manera eficiente y oportuna. Permisos y t\u00edtulos habilitantes Optimizamos la obtenci\u00f3n y mantenimiento de t\u00edtulos habilitantes mediante gesti\u00f3n por ruta cr\u00edtica, control de vigencias y obligaciones. Estudios ambientales, biol\u00f3gicos y socioculturales Desarrollamos [&hellip;]<\/p>","protected":false},"author":1,"featured_media":0,"parent":0,"menu_order":0,"comment_status":"closed","ping_status":"closed","template":"","meta":{"pagelayer_contact_templates":[],"_pagelayer_content":"","_uag_custom_page_level_css":"","site-sidebar-layout":"no-sidebar","site-content-layout":"page-builder","ast-site-content-layout":"full-width-container","site-content-style":"unboxed","site-sidebar-style":"unboxed","ast-global-header-display":"","ast-banner-title-visibility":"","ast-main-header-display":"","ast-hfb-above-header-display":"","ast-hfb-below-header-display":"","ast-hfb-mobile-header-display":"","site-post-title":"disabled","ast-breadcrumbs-content":"","ast-featured-img":"disabled","footer-sml-layout":"","ast-disable-related-posts":"","theme-transparent-header-meta":"enabled","adv-header-id-meta":"","stick-header-meta":"","header-above-stick-meta":"","header-main-stick-meta":"","header-below-stick-meta":"","astra-migrate-meta-layouts":"set","ast-page-background-enabled":"default","ast-page-background-meta":{"desktop":{"background-color":"var(--ast-global-color-4)","background-image":"","background-repeat":"repeat","background-position":"center center","background-size":"auto","background-attachment":"scroll","background-type":"","background-media":"","overlay-type":"","overlay-color":"","overlay-opacity":"","overlay-gradient":""},"tablet":{"background-color":"","background-image":"","background-repeat":"repeat","background-position":"center center","background-size":"auto","background-attachment":"scroll","background-type":"","background-media":"","overlay-type":"","overlay-color":"","overlay-opacity":"","overlay-gradient":""},"mobile":{"background-color":"","background-image":"","background-repeat":"repeat","background-position":"center center","background-size":"auto","background-attachment":"scroll","background-type":"","background-media":"","overlay-type":"","overlay-color":"","overlay-opacity":"","overlay-gradient":""}},"ast-content-background-meta":{"desktop":{"background-color":"var(--ast-global-color-5)","background-image":"","background-repeat":"repeat","background-position":"center center","background-size":"auto","background-attachment":"scroll","background-type":"","background-media":"","overlay-type":"","overlay-color":"","overlay-opacity":"","overlay-gradient":""},"tablet":{"background-color":"var(--ast-global-color-5)","background-image":"","background-repeat":"repeat","background-position":"center center","background-size":"auto","background-attachment":"scroll","background-type":"","background-media":"","overlay-type":"","overlay-color":"","overlay-opacity":"","overlay-gradient":""},"mobile":{"background-color":"var(--ast-global-color-5)","background-image":"","background-repeat":"repeat","background-position":"center center","background-size":"auto","background-attachment":"scroll","background-type":"","background-media":"","overlay-type":"","overlay-color":"","overlay-opacity":"","overlay-gradient":""}},"footnotes":""},"class_list":["post-1322","page","type-page","status-publish","hentry"],"uagb_featured_image_src":{"full":false,"thumbnail":false,"medium":false,"medium_large":false,"large":false,"1536x1536":false,"2048x2048":false,"trp-custom-language-flag":false},"uagb_author_info":{"display_name":"Yess","author_link":"https:\/\/aylara.com.pe\/en\/author\/yess\/"},"uagb_comment_info":0,"uagb_excerpt":"Nuestros servicios Screening y Scoping de proyectos Definimos el instrumento de gesti\u00f3n ambiental adecuado, los permisos cr\u00edticos y la ruta de cumplimiento de manera eficiente y oportuna. Permisos y t\u00edtulos habilitantes Optimizamos la obtenci\u00f3n y mantenimiento de t\u00edtulos habilitantes mediante gesti\u00f3n por ruta cr\u00edtica, control de vigencias y obligaciones. Estudios ambientales, biol\u00f3gicos y socioculturales Desarrollamos&hellip;","_links":{"self":[{"href":"https:\/\/aylara.com.pe\/en\/wp-json\/wp\/v2\/pages\/1322","targetHints":{"allow":["GET"]}}],"collection":[{"href":"https:\/\/aylara.com.pe\/en\/wp-json\/wp\/v2\/pages"}],"about":[{"href":"https:\/\/aylara.com.pe\/en\/wp-json\/wp\/v2\/types\/page"}],"author":[{"embeddable":true,"href":"https:\/\/aylara.com.pe\/en\/wp-json\/wp\/v2\/users\/1"}],"replies":[{"embeddable":true,"href":"https:\/\/aylara.com.pe\/en\/wp-json\/wp\/v2\/comments?post=1322"}],"version-history":[{"count":13,"href":"https:\/\/aylara.com.pe\/en\/wp-json\/wp\/v2\/pages\/1322\/revisions"}],"predecessor-version":[{"id":2811,"href":"https:\/\/aylara.com.pe\/en\/wp-json\/wp\/v2\/pages\/1322\/revisions\/2811"}],"wp:attachment":[{"href":"https:\/\/aylara.com.pe\/en\/wp-json\/wp\/v2\/media?parent=1322"}],"curies":[{"name":"wp","href":"https:\/\/api.w.org\/{rel}","templated":true}]}}